{"id":845,"date":"2019-10-23T12:15:24","date_gmt":"2019-10-23T10:15:24","guid":{"rendered":"http:\/\/kst.proutene.cz\/subdom\/kst\/?page_id=845"},"modified":"2019-10-23T17:43:16","modified_gmt":"2019-10-23T15:43:16","slug":"about-transplants","status":"publish","type":"page","link":"https:\/\/kst.cz\/en\/about-transplants\/","title":{"rendered":"About transplants"},"content":{"rendered":"<p>[et_pb_section fb_built=&#8221;1&#8243; custom_padding_last_edited=&#8221;on|tablet&#8221; next_background_color=&#8221;#ffffff&#8221; admin_label=&#8221;Hero&#8221; _builder_version=&#8221;3.29.3&#8243; use_background_color_gradient=&#8221;on&#8221; background_color_gradient_start=&#8221;rgba(255,255,255,0)&#8221; background_color_gradient_end=&#8221;rgba(75,78,83,0.9)&#8221; background_color_gradient_type=&#8221;radial&#8221; background_color_gradient_direction_radial=&#8221;top right&#8221; background_color_gradient_start_position=&#8221;20%&#8221; background_color_gradient_overlays_image=&#8221;on&#8221; custom_padding=&#8221;55px|0px|95px|0px|false|false&#8221; custom_padding_tablet=&#8221;50px||50px||true&#8221; custom_padding_phone=&#8221;|||&#8221; bottom_divider_style=&#8221;asymmetric&#8221; bottom_divider_height=&#8221;50px&#8221; bottom_divider_flip=&#8221;horizontal&#8221; bottom_divider_height_tablet=&#8221;90px&#8221; bottom_divider_height_phone=&#8221;80px&#8221;][et_pb_row column_structure=&#8221;2_3,1_3&#8243; _builder_version=&#8221;3.29.3&#8243; custom_padding=&#8221;||3px|||&#8221; custom_width_px=&#8221;1280px&#8221;][et_pb_column type=&#8221;2_3&#8243; _builder_version=&#8221;3.25&#8243; custom_padding=&#8221;|||&#8221; custom_padding__hover=&#8221;|||&#8221;][et_pb_text admin_label=&#8221;<\/p>\n<h6>What are transplante<\/h6>\n<h1>About transplants<\/h1>\n<p>&#8221; _builder_version=&#8221;4.0.2&#8243; text_font=&#8221;Montserrat||||||||&#8221; text_text_color=&#8221;rgba(255,255,255,0.7)&#8221; text_font_size=&#8221;20px&#8221; header_font=&#8221;Montserrat|700|||||||&#8221; header_font_size=&#8221;44px&#8221; header_line_height=&#8221;1.4em&#8221; header_6_font=&#8221;Montserrat|600||on|||||&#8221; header_6_text_color=&#8221;#9d0335&#8243; header_6_font_size=&#8221;16px&#8221; header_6_letter_spacing=&#8221;2px&#8221; header_6_line_height=&#8221;1.5em&#8221; background_layout=&#8221;dark&#8221; max_width=&#8221;780px&#8221; text_font_size_tablet=&#8221;&#8221; text_font_size_phone=&#8221;15px&#8221; text_font_size_last_edited=&#8221;on|phone&#8221; header_font_size_tablet=&#8221;&#8221; header_font_size_phone=&#8221;28px&#8221; header_font_size_last_edited=&#8221;on|phone&#8221;]<\/p>\n<h6>What are transplante<\/h6>\n<h1>About transplants<\/h1>\n<p>[\/et_pb_text][\/et_pb_column][et_pb_column type=&#8221;1_3&#8243; _builder_version=&#8221;3.25&#8243; custom_padding=&#8221;|||&#8221; custom_padding__hover=&#8221;|||&#8221;][\/et_pb_column][\/et_pb_row][\/et_pb_section][et_pb_section fb_built=&#8221;1&#8243; admin_label=&#8221;Services&#8221; _builder_version=&#8221;3.29.3&#8243; custom_padding=&#8221;54px|0px|0|0px|false|false&#8221;][et_pb_row column_structure=&#8221;1_2,1_2&#8243; _builder_version=&#8221;3.25&#8243; custom_padding=&#8221;||59px|||&#8221;][et_pb_column type=&#8221;1_2&#8243; _builder_version=&#8221;3.25&#8243; custom_padding=&#8221;|||&#8221; custom_padding__hover=&#8221;|||&#8221;][et_pb_text admin_label=&#8221;<\/p>\n<h6><\/h6>\n<h2>Organ transplants<\/h2>\n<p> Transplantation is a therapeutic method of transfer of organs or tissues that replace disease or injury, organ or tissue.  In the Czech Republic performs heart transplants, lung, liver, kidney, pancreas, islet, small intestine and is preparing to transplant the uterus.  In the Czech Republic are <strong>7<\/strong> transplant centers. <\/p>\n<ul>\n<li><strong>Institute of Clinical and Experimental Medicine<\/strong> \u2013 Prague: heart transplantation, liver, kidneys, pancreas, islet and the small intestine<\/li>\n<li><strong>University Hospital Motol<\/strong> \u2013 Prague: lung, heart and kidney recipients only child.<\/li>\n<li><strong>Center of Cardiovascular and Transplant Surgery <\/strong> \u2013 Brno: heart transplantation, liver and kidneys.<\/li>\n<li><strong>Department of Urology, University Hospital Hradec Kr\u00e1lov\u00e9<\/strong> \u2013 kidney transplantation.<\/li>\n<li><strong>University Hospital in Pilsen<\/strong> \u2013 a kidney transplant.<\/li>\n<li><strong>University Hospital Olomouc<\/strong> \u2013 a kidney transplant..<\/li>\n<li><strong>University Hospital Ostrava <\/strong> \u2013 a kidney transplant.<\/li>\n<\/ul>\n<p> Individual centers cooperate with donor hospitals in the region, responsible for the inclusion of patients in waiting lists and care for living organ donors and organ recipients.&#8221; _builder_version=&#8221;4.0.2&#8243; text_font=&#8221;Montserrat||||||||&#8221; link_font=&#8221;Montserrat|700|||||||&#8221; link_text_color=&#8221;#fa546d&#8221; link_font_size=&#8221;22px&#8221; link_line_height=&#8221;1.5em&#8221; header_font=&#8221;||||||||&#8221; header_2_font=&#8221;Montserrat|700|||||||&#8221; header_2_font_size=&#8221;40px&#8221; header_2_line_height=&#8221;1.4em&#8221; header_6_font=&#8221;Montserrat|600||on|||||&#8221; header_6_text_color=&#8221;#9b0031&#8243; header_6_font_size=&#8221;16px&#8221; header_6_letter_spacing=&#8221;2px&#8221; header_6_line_height=&#8221;1.5em&#8221; max_width_last_edited=&#8221;off|desktop&#8221; module_alignment=&#8221;center&#8221; custom_margin=&#8221;||0px|&#8221; custom_padding=&#8221;|||&#8221; header_2_font_size_tablet=&#8221;&#8221; header_2_font_size_phone=&#8221;24px&#8221; header_2_font_size_last_edited=&#8221;on|phone&#8221;]<\/p>\n<h6><\/h6>\n<h2>Organ transplants<\/h2>\n<p>Transplantation is a therapeutic method of transfer of organs or tissues that replace disease or injury, organ or tissue.<\/p>\n<p>In the Czech Republic performs heart transplants, lung, liver, kidney, pancreas, islet, small intestine and is preparing to transplant the uterus.<\/p>\n<p>In the Czech Republic are <strong>7<\/strong> transplant centers.<\/p>\n<ul>\n<li><strong>Institute of Clinical and Experimental Medicine<\/strong> \u2013 Prague: heart transplantation, liver, kidneys, pancreas, islet and the small intestine<\/li>\n<li><strong>University Hospital Motol<\/strong> \u2013 Prague: lung, heart and kidney recipients only child.<\/li>\n<li><strong>Center of Cardiovascular and Transplant Surgery <\/strong> \u2013 Brno: heart transplantation, liver and kidneys.<\/li>\n<li><strong>Department of Urology, University Hospital Hradec Kr\u00e1lov\u00e9<\/strong> \u2013 kidney transplantation.<\/li>\n<li><strong>University Hospital in Pilsen<\/strong> \u2013 a kidney transplant.<\/li>\n<li><strong>University Hospital Olomouc<\/strong> \u2013 a kidney transplant..<\/li>\n<li><strong>University Hospital Ostrava <\/strong> \u2013 a kidney transplant.<\/li>\n<\/ul>\n<p>Individual centers cooperate with donor hospitals in the region, responsible for the inclusion of patients in waiting lists and care for living organ donors and organ recipients.[\/et_pb_text][\/et_pb_column][et_pb_column type=&#8221;1_2&#8243; _builder_version=&#8221;3.25&#8243; custom_padding=&#8221;|||&#8221; custom_padding__hover=&#8221;|||&#8221;][et_pb_text admin_label=&#8221;<\/p>\n<h6>Transplant centers of Czech Republic<\/h6>\n<p>&#8221; _builder_version=&#8221;4.0.2&#8243; text_font=&#8221;Montserrat||||||||&#8221; link_font=&#8221;Montserrat|700|||||||&#8221; link_text_color=&#8221;#fa546d&#8221; link_font_size=&#8221;22px&#8221; link_line_height=&#8221;1.5em&#8221; header_font=&#8221;||||||||&#8221; header_text_align=&#8221;center&#8221; header_2_font=&#8221;Montserrat|700|||||||&#8221; header_2_font_size=&#8221;40px&#8221; header_2_line_height=&#8221;1.4em&#8221; header_6_font=&#8221;Montserrat|600||on|||||&#8221; header_6_text_color=&#8221;#9b0031&#8243; header_6_font_size=&#8221;16px&#8221; header_6_letter_spacing=&#8221;2px&#8221; header_6_line_height=&#8221;1.5em&#8221; text_orientation=&#8221;center&#8221; max_width_last_edited=&#8221;off|desktop&#8221; module_alignment=&#8221;center&#8221; custom_margin=&#8221;||0px|&#8221; custom_padding=&#8221;|||&#8221; header_2_font_size_tablet=&#8221;&#8221; header_2_font_size_phone=&#8221;24px&#8221; header_2_font_size_last_edited=&#8221;on|phone&#8221;]<\/p>\n<h6>Transplant centers of Czech Republic<\/h6>\n<p>[\/et_pb_text][et_pb_image src=&#8221;http:\/\/kst.proutene.cz\/subdom\/kst\/wp-content\/uploads\/2019\/10\/Transplantacni-centra-Ceske-republiky-e1571212863705.png&#8221; alt=&#8221;Transplanta\u010dn\u00ed centra \u010cesk\u00e9 republiky&#8221; title_text=&#8221;Transplanta\u010dn\u00ed centra \u010cesk\u00e9 republiky&#8221; show_in_lightbox=&#8221;on&#8221; _builder_version=&#8221;3.29.3&#8243;][\/et_pb_image][et_pb_text admin_label=&#8221;Successful transplantation is usually brings a major improvement in quality of life. I transplanted patient, however, has some limitations in life, such as the need for permanent use of immunosuppressive drugs and follow-up at specialized medical centers. Despite these reservations, the majority of patients assessed quality of life as very good.&#8221; _builder_version=&#8221;4.0.2&#8243; text_font=&#8221;Montserrat||||||||&#8221; link_font=&#8221;Montserrat|700|||||||&#8221; link_text_color=&#8221;#fa546d&#8221; link_font_size=&#8221;22px&#8221; link_line_height=&#8221;1.5em&#8221; header_font=&#8221;||||||||&#8221; header_2_font=&#8221;Montserrat|700|||||||&#8221; header_2_font_size=&#8221;40px&#8221; header_2_line_height=&#8221;1.4em&#8221; header_6_font=&#8221;Montserrat|600||on|||||&#8221; header_6_text_color=&#8221;#9b0031&#8243; header_6_font_size=&#8221;16px&#8221; header_6_letter_spacing=&#8221;2px&#8221; header_6_line_height=&#8221;1.5em&#8221; max_width_last_edited=&#8221;off|desktop&#8221; module_alignment=&#8221;center&#8221; custom_margin=&#8221;||0px|&#8221; custom_padding=&#8221;|||&#8221; header_2_font_size_tablet=&#8221;&#8221; header_2_font_size_phone=&#8221;24px&#8221; header_2_font_size_last_edited=&#8221;on|phone&#8221;]<\/p>\n<p>Successful transplantation is usually brings a major improvement in quality of life. I transplanted patient, however, has some limitations in life, such as the need for permanent use of immunosuppressive drugs and follow-up at specialized medical centers. Despite these reservations, the majority of patients assessed quality of life as very good.<\/p>\n<p>[\/et_pb_text][\/et_pb_column][\/et_pb_row][\/et_pb_section][et_pb_section fb_built=&#8221;1&#8243; custom_padding_last_edited=&#8221;off|desktop&#8221; prev_background_color=&#8221;#ffffff&#8221; admin_label=&#8221;Footer&#8221; _builder_version=&#8221;3.29.3&#8243; use_background_color_gradient=&#8221;on&#8221; background_color_gradient_start=&#8221;#4a4f55&#8243; background_color_gradient_end=&#8221;rgba(255,255,255,0)&#8221; background_color_gradient_type=&#8221;radial&#8221; background_color_gradient_direction_radial=&#8221;top right&#8221; background_color_gradient_overlays_image=&#8221;on&#8221; background_enable_image=&#8221;off&#8221; custom_padding=&#8221;100px||33px||false|&#8221; top_divider_style=&#8221;asymmetric&#8221; top_divider_height=&#8221;50px&#8221; top_divider_flip=&#8221;vertical&#8221; global_module=&#8221;849&#8243; saved_tabs=&#8221;all&#8221;][et_pb_row column_structure=&#8221;1_3,1_3,1_3&#8243; use_custom_gutter=&#8221;on&#8221; gutter_width=&#8221;1&#8243; _builder_version=&#8221;3.29.3&#8243; width=&#8221;100%&#8221;][et_pb_column type=&#8221;1_3&#8243; _builder_version=&#8221;3.25&#8243; custom_padding=&#8221;|||&#8221; custom_padding__hover=&#8221;|||&#8221;][\/et_pb_column][et_pb_column type=&#8221;1_3&#8243; _builder_version=&#8221;3.25&#8243; custom_padding=&#8221;|||&#8221; custom_padding__hover=&#8221;|||&#8221;][et_pb_text admin_label=&#8221;We&#8217;re here for you&#8221; _builder_version=&#8221;4.0.2&#8243; text_font=&#8221;Montserrat||||||||&#8221; link_font=&#8221;Montserrat|700|||||||&#8221; link_text_color=&#8221;#fa546d&#8221; link_font_size=&#8221;22px&#8221; link_line_height=&#8221;1.5em&#8221; header_font=&#8221;||||||||&#8221; header_text_align=&#8221;center&#8221; header_2_font=&#8221;Montserrat|700|||||||&#8221; header_2_font_size=&#8221;40px&#8221; header_2_line_height=&#8221;1.4em&#8221; header_6_font=&#8221;Montserrat|600||on|||||&#8221; header_6_text_color=&#8221;#9b0031&#8243; header_6_font_size=&#8221;16px&#8221; header_6_letter_spacing=&#8221;2px&#8221; header_6_line_height=&#8221;1.5em&#8221; text_orientation=&#8221;center&#8221; max_width_last_edited=&#8221;off|desktop&#8221; module_alignment=&#8221;center&#8221; custom_margin=&#8221;||0px|&#8221; custom_padding=&#8221;|||&#8221; header_2_font_size_tablet=&#8221;&#8221; header_2_font_size_phone=&#8221;24px&#8221; header_2_font_size_last_edited=&#8221;on|phone&#8221;]<\/p>\n<h2>We&#8217;re here for you<\/h2>\n<p>[\/et_pb_text][et_pb_button button_url=&#8221;\/en\/contacts\/&#8221; button_text=&#8221;Contact Us&#8221; button_alignment=&#8221;center&#8221; admin_label=&#8221;Contact Us&#8221; _builder_version=&#8221;4.0.2&#8243; custom_button=&#8221;on&#8221; button_text_size=&#8221;14px&#8221; button_bg_color=&#8221;#9b0031&#8243; button_border_width=&#8221;12px&#8221; button_border_color=&#8221;rgba(0,0,0,0)&#8221; button_border_radius=&#8221;100px&#8221; button_font=&#8221;Montserrat|700|||||||&#8221; button_use_icon=&#8221;off&#8221; background_layout=&#8221;dark&#8221; hover_enabled=&#8221;0&#8243; box_shadow_style=&#8221;preset3&#8243; button_border_radius_hover=&#8221;100px&#8221; button_bg_color_hover=&#8221;#ff6b86&#8243; button_text_size__hover_enabled=&#8221;off&#8221; button_one_text_size__hover_enabled=&#8221;off&#8221; button_two_text_size__hover_enabled=&#8221;off&#8221; button_text_color__hover_enabled=&#8221;off&#8221; button_one_text_color__hover_enabled=&#8221;off&#8221; button_two_text_color__hover_enabled=&#8221;off&#8221; button_border_width__hover_enabled=&#8221;off&#8221; button_one_border_width__hover_enabled=&#8221;off&#8221; button_two_border_width__hover_enabled=&#8221;off&#8221; button_border_color__hover_enabled=&#8221;off&#8221; button_one_border_color__hover_enabled=&#8221;off&#8221; button_two_border_color__hover_enabled=&#8221;off&#8221; button_border_radius__hover_enabled=&#8221;on&#8221; button_border_radius__hover=&#8221;100px&#8221; button_one_border_radius__hover_enabled=&#8221;off&#8221; button_two_border_radius__hover_enabled=&#8221;off&#8221; button_letter_spacing__hover_enabled=&#8221;off&#8221; button_one_letter_spacing__hover_enabled=&#8221;off&#8221; button_two_letter_spacing__hover_enabled=&#8221;off&#8221; button_bg_color__hover_enabled=&#8221;on&#8221; button_bg_color__hover=&#8221;#ff6b86&#8243; button_one_bg_color__hover_enabled=&#8221;off&#8221; button_two_bg_color__hover_enabled=&#8221;off&#8221;][\/et_pb_button][\/et_pb_column][et_pb_column type=&#8221;1_3&#8243; _builder_version=&#8221;3.25&#8243; custom_padding=&#8221;|||&#8221; custom_padding__hover=&#8221;|||&#8221;][\/et_pb_column][\/et_pb_row][\/et_pb_section]<\/p>\n","protected":false},"excerpt":{"rendered":"<p>What are transplante About transplants Organ transplants Transplantation is a therapeutic method of transfer of organs or tissues that replace disease or injury, organ or tissue. In the Czech Republic performs heart transplants, lung, liver, kidney, pancreas, islet, small intestine and is preparing to transplant the uterus. In the Czech Republic are 7 transplant centers. [&hellip;]<\/p>\n","protected":false},"author":1,"featured_media":0,"parent":0,"menu_order":0,"comment_status":"closed","ping_status":"closed","template":"","meta":{"_et_pb_use_builder":"on","_et_pb_old_content":"","_et_gb_content_width":"","footnotes":""},"class_list":["post-845","page","type-page","status-publish","hentry"],"_links":{"self":[{"href":"https:\/\/kst.cz\/en\/wp-json\/wp\/v2\/pages\/845","targetHints":{"allow":["GET"]}}],"collection":[{"href":"https:\/\/kst.cz\/en\/wp-json\/wp\/v2\/pages"}],"about":[{"href":"https:\/\/kst.cz\/en\/wp-json\/wp\/v2\/types\/page"}],"author":[{"embeddable":true,"href":"https:\/\/kst.cz\/en\/wp-json\/wp\/v2\/users\/1"}],"replies":[{"embeddable":true,"href":"https:\/\/kst.cz\/en\/wp-json\/wp\/v2\/comments?post=845"}],"version-history":[{"count":6,"href":"https:\/\/kst.cz\/en\/wp-json\/wp\/v2\/pages\/845\/revisions"}],"predecessor-version":[{"id":1036,"href":"https:\/\/kst.cz\/en\/wp-json\/wp\/v2\/pages\/845\/revisions\/1036"}],"wp:attachment":[{"href":"https:\/\/kst.cz\/en\/wp-json\/wp\/v2\/media?parent=845"}],"curies":[{"name":"wp","href":"https:\/\/api.w.org\/{rel}","templated":true}]}}