{"id":865,"date":"2019-10-23T15:17:45","date_gmt":"2019-10-23T13:17:45","guid":{"rendered":"http:\/\/kst.proutene.cz\/subdom\/kst\/?page_id=865"},"modified":"2019-11-07T12:12:08","modified_gmt":"2019-11-07T11:12:08","slug":"specialized-information","status":"publish","type":"page","link":"https:\/\/kst.cz\/en\/specialized-information\/","title":{"rendered":"Specialized information"},"content":{"rendered":"<p>[et_pb_section fb_built=&#8221;1&#8243; custom_padding_last_edited=&#8221;on|tablet&#8221; next_background_color=&#8221;#ffffff&#8221; admin_label=&#8221;Hero&#8221; _builder_version=&#8221;3.29.3&#8243; use_background_color_gradient=&#8221;on&#8221; background_color_gradient_start=&#8221;rgba(255,255,255,0)&#8221; background_color_gradient_end=&#8221;rgba(75,78,83,0.9)&#8221; background_color_gradient_type=&#8221;radial&#8221; background_color_gradient_direction_radial=&#8221;top right&#8221; background_color_gradient_start_position=&#8221;20%&#8221; background_color_gradient_overlays_image=&#8221;on&#8221; custom_padding=&#8221;55px|0px|95px|0px|false|false&#8221; custom_padding_tablet=&#8221;50px||50px||true&#8221; custom_padding_phone=&#8221;|||&#8221; bottom_divider_style=&#8221;asymmetric&#8221; bottom_divider_height=&#8221;50px&#8221; bottom_divider_flip=&#8221;horizontal&#8221; bottom_divider_height_tablet=&#8221;90px&#8221; bottom_divider_height_phone=&#8221;80px&#8221;][et_pb_row column_structure=&#8221;2_3,1_3&#8243; _builder_version=&#8221;3.29.3&#8243; custom_padding=&#8221;||3px|||&#8221; custom_width_px=&#8221;1280px&#8221;][et_pb_column type=&#8221;2_3&#8243; _builder_version=&#8221;3.25&#8243; custom_padding=&#8221;|||&#8221; custom_padding__hover=&#8221;|||&#8221;][et_pb_text admin_label=&#8221;<\/p>\n<h6>D\u016fle\u017eit\u00e9<\/h6>\n<h1>Odborn\u00e9 informace <\/h1>\n<h6>Important<\/h6>\n<h1>Professional information <\/h1>\n<p>&#8221; _builder_version=&#8221;4.0.2&#8243; text_font=&#8221;Montserrat||||||||&#8221; text_text_color=&#8221;rgba(255,255,255,0.7)&#8221; text_font_size=&#8221;20px&#8221; header_font=&#8221;Montserrat|700|||||||&#8221; header_font_size=&#8221;44px&#8221; header_line_height=&#8221;1.4em&#8221; header_6_font=&#8221;Montserrat|600||on|||||&#8221; header_6_text_color=&#8221;#9d0335&#8243; header_6_font_size=&#8221;16px&#8221; header_6_letter_spacing=&#8221;2px&#8221; header_6_line_height=&#8221;1.5em&#8221; background_layout=&#8221;dark&#8221; max_width=&#8221;780px&#8221; text_font_size_tablet=&#8221;&#8221; text_font_size_phone=&#8221;15px&#8221; text_font_size_last_edited=&#8221;on|phone&#8221; header_font_size_tablet=&#8221;&#8221; header_font_size_phone=&#8221;28px&#8221; header_font_size_last_edited=&#8221;on|phone&#8221;]<\/p>\n<h6>Important<\/h6>\n<h1>Professional information <\/h1>\n<p>[\/et_pb_text][\/et_pb_column][et_pb_column type=&#8221;1_3&#8243; _builder_version=&#8221;3.25&#8243; custom_padding=&#8221;|||&#8221; custom_padding__hover=&#8221;|||&#8221;][\/et_pb_column][\/et_pb_row][\/et_pb_section][et_pb_section fb_built=&#8221;1&#8243; admin_label=&#8221;Services&#8221; _builder_version=&#8221;3.29.3&#8243; custom_padding=&#8221;54px|0px|0|0px|false|false&#8221;][et_pb_row column_structure=&#8221;1_2,1_2&#8243; _builder_version=&#8221;3.25&#8243; custom_padding=&#8221;||59px|||&#8221;][et_pb_column type=&#8221;1_2&#8243; _builder_version=&#8221;3.25&#8243; custom_padding=&#8221;|||&#8221; custom_padding__hover=&#8221;|||&#8221;][et_pb_toggle title=&#8221;General workflow&#8221; icon_color=&#8221;#990232&#8243; admin_label=&#8221;General workflow&#8221; _builder_version=&#8221;4.0.2&#8243; custom_margin=&#8221;||||false|false&#8221; custom_padding=&#8221;|||40px|false|false&#8221; border_radii=&#8221;on|50px|50px|50px|50px&#8221;]<\/p>\n<p><a href=\"\/wp-content\/uploads\/2019\/10\/VVP_1-8_Informace_o_organu.pdf\" target=\"_blank\" rel=\"noopener noreferrer\">VVP_Informace to remove \/ transplanted organ<\/a><br \/><a href=\"\/wp-content\/uploads\/2019\/10\/VPP-1-2-Kategorie-nezadouci-ucinky-a-reakce.pdf\" target=\"_blank\" rel=\"noopener noreferrer\">VPP 1-1 Quality Management<\/a><br \/><a href=\"\/wp-content\/uploads\/2019\/10\/VPP-1-1-Management-kvality.pdf\" target=\"_blank\" rel=\"noopener noreferrer\">VPP Categories 1-2 adverse events and reactions<\/a><br \/><a href=\"\/wp-content\/uploads\/2019\/10\/VPP-1-3-Hlaseni-ZNU-R.pdf\" target=\"_blank\" rel=\"noopener noreferrer\">1-3 Message reap VPP-R<\/a><br \/><a href=\"\/wp-content\/uploads\/2019\/10\/VPP-1-4-Mechanismy-kvality.pdf\" target=\"_blank\" rel=\"noopener noreferrer\">VPP 1-4 Mechanisms Quality<\/a><br \/><a href=\"\/wp-content\/uploads\/2019\/10\/VPP-1-5-Externi-audity.pdf\" target=\"_blank\" rel=\"noopener noreferrer\">VPP 1-5 External audits<\/a><br \/><a href=\"\/wp-content\/uploads\/2019\/10\/VPP-1-6-Formulare-ZNU-R.pdf\" target=\"_blank\" rel=\"noopener noreferrer\">1-6 Forms reap VPP-R<\/a><br \/><a href=\"\/wp-content\/uploads\/2019\/10\/VVP-1-7-Externi-pracovnik.pdf\" target=\"_blank\" rel=\"noopener noreferrer\">1-7 VPP presence of external medical worker<\/a><br \/><a href=\"\/wp-content\/uploads\/2019\/10\/VPP-2-1-Zijici-darce.pdf\" target=\"_blank\" rel=\"noopener noreferrer\">VPP 2-1 Living donor<\/a><br \/><a href=\"\/wp-content\/uploads\/2019\/10\/VPP-2-2-Postup-pred-odberem-DCD.pdf\" target=\"_blank\" rel=\"noopener noreferrer\">VPP 2-2 Procedure before collection DCD<\/a><br \/><a href=\"\/wp-content\/uploads\/2019\/10\/VPP-2-3-Eticka-komise.pdf\" target=\"_blank\" rel=\"noopener noreferrer\">VPP 2-3 Ethics Committee<\/a><br \/><a href=\"\/wp-content\/uploads\/2019\/10\/VPP-2-4-Charakterizace-darce.pdf\" target=\"_blank\" rel=\"noopener noreferrer\">VPP 2-4 Characterization of Donor<\/a><br \/><a href=\"\/wp-content\/uploads\/2019\/10\/VPP-3-1-Informovany-souhlas-prijemce.pdf\" target=\"_blank\" rel=\"noopener noreferrer\">VPP 3-1 Informed consent recipient<\/a><br \/><a href=\"\/wp-content\/uploads\/2019\/10\/VPP-4-1-Zapis-cizince-na-WL.pdf\" target=\"_blank\" rel=\"noopener noreferrer\">VPP 4-1 Writing stranger to WL<\/a><\/p>\n<p>[\/et_pb_toggle][et_pb_toggle title=&#8221;Legislation&#8221; icon_color=&#8221;#990232&#8243; admin_label=&#8221;Legislation&#8221; _builder_version=&#8221;4.0.2&#8243; custom_margin=&#8221;||||false|false&#8221; custom_padding=&#8221;|||40px|false|false&#8221; border_radii=&#8221;on|50px|50px|50px|50px&#8221;]<\/p>\n<p><a href=\"\/wp-content\/uploads\/2019\/10\/zakon_285-2013-5.pdf\" target=\"_blank\" rel=\"noopener noreferrer\">Act 285\/2002 Coll. transplantation Act<\/a><br \/> <a href=\"\/wp-content\/uploads\/2019\/10\/vyhlaska-111-2013-jakost-a-bezpecnost.pdf\" target=\"_blank\" rel=\"noopener noreferrer\">Decree 111\/2013 Coll. Quality and Safety<\/a><br \/> <a href=\"\/wp-content\/uploads\/2019\/10\/Vyhlasky-114-a-115-2013-zpusobilost-a-kvalifikace.pdf\" target=\"_blank\" rel=\"noopener noreferrer\">Decree 114\/2013 Coll. on fitness of the donor and Decree 115\/2013 Coll. the qualifications of doctors<\/a><br \/> <a href=\"\/wp-content\/uploads\/2019\/10\/zakon_434_2004.pdf\" target=\"_blank\" rel=\"noopener noreferrer\">Decree 434\/2004 Coll. a registry of people disagree with posthumous donation<\/a><br \/> <a href=\"\/wp-content\/uploads\/2019\/10\/sb097-08.pdf\" target=\"_blank\" rel=\"noopener noreferrer\">Act 296\/2008 Coll. of human tissues and cells<\/a><br \/> <a href=\"\/wp-content\/uploads\/2019\/10\/Zakon-372-2011.pdf\" target=\"_blank\" rel=\"noopener noreferrer\">Act 372\/2011 Coll. on health services<\/a><br \/> <a href=\"\/wp-content\/uploads\/2019\/10\/UV-45_2010-smernice-o-transplantacich.pdf\" target=\"_blank\" rel=\"noopener noreferrer\">EU Directive 2010\/53 on the quality and safety of organ transplantation<\/a><br \/> <a href=\"\/wp-content\/uploads\/2019\/10\/Narodni-Akcni-plan-pro-transplantace.pdf\" target=\"_blank\" rel=\"noopener noreferrer\">The National Action Plan for transplantation<\/a><\/p>\n<p>[\/et_pb_toggle][\/et_pb_column][et_pb_column type=&#8221;1_2&#8243; _builder_version=&#8221;3.25&#8243; custom_padding=&#8221;|||&#8221; custom_padding__hover=&#8221;|||&#8221;][et_pb_toggle title=&#8221;Opinions KST&#8221; icon_color=&#8221;#990232&#8243; admin_label=&#8221;Opinions KST&#8221; _builder_version=&#8221;4.0.2&#8243; custom_margin=&#8221;||||false|false&#8221; custom_padding=&#8221;|||40px|false|false&#8221; border_radii=&#8221;on|50px|50px|50px|50px&#8221;]<a href=\"\/wp-content\/uploads\/2019\/10\/Stanovisko-identifikace-osoby.pdf\" target=\"_blank\" rel=\"noopener noreferrer\">Opinion &#8211; Identification of the person &#8211; deceased organ donor\u016f<\/a><br \/>\n<a href=\"\/wp-content\/uploads\/2019\/10\/Stanovisko-pitvy-2016.pdf\" target=\"_blank\" rel=\"noopener noreferrer\">Opinion &#8211; Autopsies of deceased organ donors in accordance with current legislation<\/a><br \/>\n<a href=\"\/wp-content\/uploads\/2019\/10\/Stanovisko-transplantace-cizincum.pdf\" target=\"_blank\" rel=\"noopener noreferrer\">Opinion &#8211; Registration foreigners on the waiting list, organ transplant foreigners<\/a><br \/>\n<a href=\"\/wp-content\/uploads\/2019\/10\/Stanovisko-souhlas-s-odberem-tkane-2.pdf\" target=\"_blank\" rel=\"noopener noreferrer\">Opinion &#8211; consent to the donation of tissues from deceased<\/a><br \/>\n<a href=\"\/wp-content\/uploads\/2019\/10\/Stanovisko-uhrada-prevozu-tela.pdf\" target=\"_blank\" rel=\"noopener noreferrer\">Opinion &#8211; Reimbursement of transportation of the body deceased donor organs from place to place autopsy funeral<\/a><br \/>\n<a href=\"\/wp-content\/uploads\/2019\/10\/Stanovisko-definice-darce-21.pdf\" target=\"_blank\" rel=\"noopener noreferrer\">Opinion &#8211; Definition of organ donation and transplantation<\/a><br \/>\n<a href=\"\/wp-content\/uploads\/2019\/10\/Stanovisko-hlaseni-tkane-a-bunky.pdf\">Opinion &#8211; The scope of the reporting requirements for tissues and organs<\/a><br \/>\n<a href=\"\/wp-content\/uploads\/2019\/10\/Stanovisko-spravedliva-alokace-organu.pdf\" target=\"_blank\" rel=\"noopener noreferrer\">Opinion &#8211; Fair allocation of organs<\/a><br \/>\n<a title=\"Stanovisko \u2013 Souhlas KST s dovozem\/v\u00fdvozem tk\u00e1n\u00ed a org\u00e1n\u016f\" href=\"\/wp-content\/uploads\/2019\/10\/Stanovisko-dovozu-a-vyvozu.pdf\" target=\"_blank\" rel=\"noopener noreferrer\">Opinion &#8211; KST Consent to import \/ export of tissues and organs<\/a>[\/et_pb_toggle][\/et_pb_column][\/et_pb_row][\/et_pb_section][et_pb_section fb_built=&#8221;1&#8243; custom_padding_last_edited=&#8221;off|desktop&#8221; prev_background_color=&#8221;#ffffff&#8221; admin_label=&#8221;Footer&#8221; _builder_version=&#8221;3.29.3&#8243; use_background_color_gradient=&#8221;on&#8221; background_color_gradient_start=&#8221;#4a4f55&#8243; background_color_gradient_end=&#8221;rgba(255,255,255,0)&#8221; background_color_gradient_type=&#8221;radial&#8221; background_color_gradient_direction_radial=&#8221;top right&#8221; background_color_gradient_overlays_image=&#8221;on&#8221; background_enable_image=&#8221;off&#8221; custom_padding=&#8221;100px||33px||false|&#8221; top_divider_style=&#8221;asymmetric&#8221; top_divider_height=&#8221;50px&#8221; top_divider_flip=&#8221;vertical&#8221; global_module=&#8221;849&#8243; saved_tabs=&#8221;all&#8221;][et_pb_row column_structure=&#8221;1_3,1_3,1_3&#8243; use_custom_gutter=&#8221;on&#8221; gutter_width=&#8221;1&#8243; _builder_version=&#8221;3.29.3&#8243; width=&#8221;100%&#8221;][et_pb_column type=&#8221;1_3&#8243; _builder_version=&#8221;3.25&#8243; custom_padding=&#8221;|||&#8221; custom_padding__hover=&#8221;|||&#8221;][\/et_pb_column][et_pb_column type=&#8221;1_3&#8243; _builder_version=&#8221;3.25&#8243; custom_padding=&#8221;|||&#8221; custom_padding__hover=&#8221;|||&#8221;][et_pb_text admin_label=&#8221;We&#8217;re here for you&#8221; _builder_version=&#8221;4.0.2&#8243; text_font=&#8221;Montserrat||||||||&#8221; link_font=&#8221;Montserrat|700|||||||&#8221; link_text_color=&#8221;#fa546d&#8221; link_font_size=&#8221;22px&#8221; link_line_height=&#8221;1.5em&#8221; header_font=&#8221;||||||||&#8221; header_text_align=&#8221;center&#8221; header_2_font=&#8221;Montserrat|700|||||||&#8221; header_2_font_size=&#8221;40px&#8221; header_2_line_height=&#8221;1.4em&#8221; header_6_font=&#8221;Montserrat|600||on|||||&#8221; header_6_text_color=&#8221;#9b0031&#8243; header_6_font_size=&#8221;16px&#8221; header_6_letter_spacing=&#8221;2px&#8221; header_6_line_height=&#8221;1.5em&#8221; text_orientation=&#8221;center&#8221; max_width_last_edited=&#8221;off|desktop&#8221; module_alignment=&#8221;center&#8221; custom_margin=&#8221;||0px|&#8221; custom_padding=&#8221;|||&#8221; header_2_font_size_tablet=&#8221;&#8221; header_2_font_size_phone=&#8221;24px&#8221; header_2_font_size_last_edited=&#8221;on|phone&#8221;]<\/p>\n<h2>We&#8217;re here for you<\/h2>\n<p>[\/et_pb_text][et_pb_button button_url=&#8221;\/en\/contacts\/&#8221; button_text=&#8221;Contact Us&#8221; button_alignment=&#8221;center&#8221; admin_label=&#8221;Contact Us&#8221; _builder_version=&#8221;4.0.2&#8243; custom_button=&#8221;on&#8221; button_text_size=&#8221;14px&#8221; button_bg_color=&#8221;#9b0031&#8243; button_border_width=&#8221;12px&#8221; button_border_color=&#8221;rgba(0,0,0,0)&#8221; button_border_radius=&#8221;100px&#8221; button_font=&#8221;Montserrat|700|||||||&#8221; button_use_icon=&#8221;off&#8221; background_layout=&#8221;dark&#8221; box_shadow_style=&#8221;preset3&#8243; button_border_radius_hover=&#8221;100px&#8221; button_bg_color_hover=&#8221;#ff6b86&#8243; button_text_size__hover_enabled=&#8221;off&#8221; button_one_text_size__hover_enabled=&#8221;off&#8221; button_two_text_size__hover_enabled=&#8221;off&#8221; button_text_color__hover_enabled=&#8221;off&#8221; button_one_text_color__hover_enabled=&#8221;off&#8221; button_two_text_color__hover_enabled=&#8221;off&#8221; button_border_width__hover_enabled=&#8221;off&#8221; button_one_border_width__hover_enabled=&#8221;off&#8221; button_two_border_width__hover_enabled=&#8221;off&#8221; button_border_color__hover_enabled=&#8221;off&#8221; button_one_border_color__hover_enabled=&#8221;off&#8221; button_two_border_color__hover_enabled=&#8221;off&#8221; button_border_radius__hover_enabled=&#8221;on&#8221; button_border_radius__hover=&#8221;100px&#8221; button_one_border_radius__hover_enabled=&#8221;off&#8221; button_two_border_radius__hover_enabled=&#8221;off&#8221; button_letter_spacing__hover_enabled=&#8221;off&#8221; button_one_letter_spacing__hover_enabled=&#8221;off&#8221; button_two_letter_spacing__hover_enabled=&#8221;off&#8221; button_bg_color__hover_enabled=&#8221;on&#8221; button_bg_color__hover=&#8221;#ff6b86&#8243; button_one_bg_color__hover_enabled=&#8221;off&#8221; button_two_bg_color__hover_enabled=&#8221;off&#8221;][\/et_pb_button][\/et_pb_column][et_pb_column type=&#8221;1_3&#8243; _builder_version=&#8221;3.25&#8243; custom_padding=&#8221;|||&#8221; custom_padding__hover=&#8221;|||&#8221;][\/et_pb_column][\/et_pb_row][\/et_pb_section]<\/p>\n","protected":false},"excerpt":{"rendered":"<p>Important Professional information VVP_Informace to remove \/ transplanted organVPP 1-1 Quality ManagementVPP Categories 1-2 adverse events and reactions1-3 Message reap VPP-RVPP 1-4 Mechanisms QualityVPP 1-5 External audits1-6 Forms reap VPP-R1-7 VPP presence of external medical workerVPP 2-1 Living donorVPP 2-2 Procedure before collection DCDVPP 2-3 Ethics CommitteeVPP 2-4 Characterization of DonorVPP 3-1 Informed consent recipientVPP [&hellip;]<\/p>\n","protected":false},"author":1,"featured_media":0,"parent":0,"menu_order":0,"comment_status":"closed","ping_status":"closed","template":"","meta":{"_et_pb_use_builder":"on","_et_pb_old_content":"","_et_gb_content_width":"","footnotes":""},"class_list":["post-865","page","type-page","status-publish","hentry"],"_links":{"self":[{"href":"https:\/\/kst.cz\/en\/wp-json\/wp\/v2\/pages\/865","targetHints":{"allow":["GET"]}}],"collection":[{"href":"https:\/\/kst.cz\/en\/wp-json\/wp\/v2\/pages"}],"about":[{"href":"https:\/\/kst.cz\/en\/wp-json\/wp\/v2\/types\/page"}],"author":[{"embeddable":true,"href":"https:\/\/kst.cz\/en\/wp-json\/wp\/v2\/users\/1"}],"replies":[{"embeddable":true,"href":"https:\/\/kst.cz\/en\/wp-json\/wp\/v2\/comments?post=865"}],"version-history":[{"count":10,"href":"https:\/\/kst.cz\/en\/wp-json\/wp\/v2\/pages\/865\/revisions"}],"predecessor-version":[{"id":1224,"href":"https:\/\/kst.cz\/en\/wp-json\/wp\/v2\/pages\/865\/revisions\/1224"}],"wp:attachment":[{"href":"https:\/\/kst.cz\/en\/wp-json\/wp\/v2\/media?parent=865"}],"curies":[{"name":"wp","href":"https:\/\/api.w.org\/{rel}","templated":true}]}}